{"id":535,"date":"2024-06-27T14:50:57","date_gmt":"2024-06-27T14:50:57","guid":{"rendered":"https:\/\/www.lena-dolomites.com\/impronta\/"},"modified":"2024-07-02T16:39:53","modified_gmt":"2024-07-02T16:39:53","slug":"impressum","status":"publish","type":"page","link":"https:\/\/www.lena-dolomites.com\/it\/impressum\/","title":{"rendered":"Impressum"},"content":{"rendered":"\n<p>Lena Dolomites<br>Affitto di appartamenti per vacanze<br>Wastlbach 5<br>39040 Funes<br>Alto Adige \u2013 Italia<\/p>\n\n\n\n<p><br>Tel: <a href=\"tel:+393401286067\">+39 340 128 6067<\/a><br>E-Mail: <a href=\"mailto:info@lena-dolomites.com\">info@lena-dolomites.com<\/a><br>Sito web: <a href=\"http:\/\/www.lena-dolomites.com\">www.lena-dolomites.com<\/a><\/p>\n\n\n\n<p><br><br>Il contenuto di questo sito web \u00e8 protetto da copyright. La pubblicazione di contenuti e immagini di questo sito web su altri siti web \u00e8 consentita solo in caso di autorizzazione scritta.<\/p>\n\n\n\n<p>Le informazioni contenute nel sito web sono state redatte al meglio delle nostre conoscenze e verificate con la massima cura. Tuttavia, non si possono escludere errori di contenuto. Pertanto, non si assume alcuna garanzia o responsabilit\u00e0 per l\u2019accuratezza, la tempestivit\u00e0 e la completezza delle informazioni fornite. Tutte le informazioni sono senza garanzia.<\/p>\n\n\n\n<p>Questo sito web contiene anche link o riferimenti a siti web di terzi. Non si assume alcuna responsabilit\u00e0 per la disponibilit\u00e0 o il contenuto di tali siti web e non si assume alcuna responsabilit\u00e0 per danni o lesioni derivanti dall\u2019uso di tali contenuti di qualsiasi tipo.<br><br>Fonti delle immagini: <a href=\"https:\/\/www.guworld.com\/_plata\/index.html\">Gustav Willeit<\/a>, <a href=\"https:\/\/architektgruber.com\">Andreas Gruber Architekten<\/a>, Pixabay<br>Design del sito web: Lukas Z\u00f6schg<br>Progettazione e sviluppo del sito web: <a href=\"http:\/\/www.bernhardpoppe.at\">Bernhard Poppe<\/a><\/p>\n","protected":false},"excerpt":{"rendered":"Lena DolomitesAffitto di appartamenti per vacanzeWastlbach 539040 FunesAlto Adige \u2013 Italia Tel: +39 340 128 6067E-Mail: info@lena-dolomites.comSito web: www.lena-dolomites.com Il contenuto di questo sito web \u00e8 protetto da copyright. La pubblicazione di contenuti e immagini di questo sito web su altri siti web \u00e8 consentita solo in caso di autorizzazione scritta. Le informazioni contenute nel [&hellip;]","protected":false},"author":1,"featured_media":0,"parent":0,"menu_order":0,"comment_status":"closed","ping_status":"closed","template":"","meta":{"footnotes":""},"class_list":["post-535","page","type-page","status-publish","hentry"],"acf":[],"yoast_head":"<!-- This site is optimized with the Yoast SEO plugin v23.0 - https:\/\/yoast.com\/wordpress\/plugins\/seo\/ -->\n<title>Impressum - Lena Dolomites<\/title>\n<meta name=\"robots\" content=\"index, follow, max-snippet:-1, max-image-preview:large, max-video-preview:-1\" \/>\n<link rel=\"canonical\" href=\"https:\/\/www.lena-dolomites.com\/it\/impressum\/\" \/>\n<meta property=\"og:locale\" content=\"it_IT\" \/>\n<meta property=\"og:type\" content=\"article\" \/>\n<meta property=\"og:title\" content=\"Impressum - Lena Dolomites\" \/>\n<meta property=\"og:description\" content=\"Lena DolomitesAffitto di appartamenti per vacanzeWastlbach 539040 FunesAlto Adige \u2013 Italia Tel: +39 340 128 6067E-Mail: info@lena-dolomites.comSito web: www.lena-dolomites.com Il contenuto di questo sito web \u00e8 protetto da copyright. La pubblicazione di contenuti e immagini di questo sito web su altri siti web \u00e8 consentita solo in caso di autorizzazione scritta. Le informazioni contenute nel [&hellip;]\" \/>\n<meta property=\"og:url\" content=\"https:\/\/www.lena-dolomites.com\/it\/impressum\/\" \/>\n<meta property=\"og:site_name\" content=\"Lena Dolomites\" \/>\n<meta property=\"article:modified_time\" content=\"2024-07-02T16:39:53+00:00\" \/>\n<meta property=\"og:image\" content=\"https:\/\/www.lena-dolomites.com\/wp-content\/uploads\/2024\/05\/11_Andreas-Gruber-Arch_Villnoess_IMG_9790_GW-1024x682.jpg\" \/>\n\t<meta property=\"og:image:width\" content=\"1024\" \/>\n\t<meta property=\"og:image:height\" content=\"682\" \/>\n\t<meta property=\"og:image:type\" content=\"image\/jpeg\" \/>\n<meta name=\"twitter:card\" content=\"summary_large_image\" \/>\n<meta name=\"twitter:label1\" content=\"Tempo di lettura stimato\" \/>\n\t<meta name=\"twitter:data1\" content=\"1 minuto\" \/>\n<script type=\"application\/ld+json\" class=\"yoast-schema-graph\">{\"@context\":\"https:\/\/schema.org\",\"@graph\":[{\"@type\":\"WebPage\",\"@id\":\"https:\/\/www.lena-dolomites.com\/it\/impressum\/\",\"url\":\"https:\/\/www.lena-dolomites.com\/it\/impressum\/\",\"name\":\"Impressum - Lena Dolomites\",\"isPartOf\":{\"@id\":\"https:\/\/www.lena-dolomites.com\/it\/#website\"},\"datePublished\":\"2024-06-27T14:50:57+00:00\",\"dateModified\":\"2024-07-02T16:39:53+00:00\",\"breadcrumb\":{\"@id\":\"https:\/\/www.lena-dolomites.com\/it\/impressum\/#breadcrumb\"},\"inLanguage\":\"it-IT\",\"potentialAction\":[{\"@type\":\"ReadAction\",\"target\":[\"https:\/\/www.lena-dolomites.com\/it\/impressum\/\"]}]},{\"@type\":\"BreadcrumbList\",\"@id\":\"https:\/\/www.lena-dolomites.com\/it\/impressum\/#breadcrumb\",\"itemListElement\":[{\"@type\":\"ListItem\",\"position\":1,\"name\":\"Home\",\"item\":\"https:\/\/www.lena-dolomites.com\/it\/\"},{\"@type\":\"ListItem\",\"position\":2,\"name\":\"Impressum\"}]},{\"@type\":\"WebSite\",\"@id\":\"https:\/\/www.lena-dolomites.com\/it\/#website\",\"url\":\"https:\/\/www.lena-dolomites.com\/it\/\",\"name\":\"Lena Dolomites\",\"description\":\"Luxus und Natur vereint im Herzen der Dolomiten - Buchen Sie jetzt Ihren Traumurlaub im Villn\u00f6ssertal\",\"publisher\":{\"@id\":\"https:\/\/www.lena-dolomites.com\/it\/#organization\"},\"potentialAction\":[{\"@type\":\"SearchAction\",\"target\":{\"@type\":\"EntryPoint\",\"urlTemplate\":\"https:\/\/www.lena-dolomites.com\/it\/?s={search_term_string}\"},\"query-input\":\"required name=search_term_string\"}],\"inLanguage\":\"it-IT\"},{\"@type\":\"Organization\",\"@id\":\"https:\/\/www.lena-dolomites.com\/it\/#organization\",\"name\":\"Lena Dolomites\",\"url\":\"https:\/\/www.lena-dolomites.com\/it\/\",\"logo\":{\"@type\":\"ImageObject\",\"inLanguage\":\"it-IT\",\"@id\":\"https:\/\/www.lena-dolomites.com\/it\/#\/schema\/logo\/image\/\",\"url\":\"https:\/\/www.lena-dolomites.com\/wp-content\/uploads\/2024\/05\/11_Andreas-Gruber-Arch_Villnoess_IMG_9790_GW-1024x682.jpg\",\"contentUrl\":\"https:\/\/www.lena-dolomites.com\/wp-content\/uploads\/2024\/05\/11_Andreas-Gruber-Arch_Villnoess_IMG_9790_GW-1024x682.jpg\",\"width\":1024,\"height\":682,\"caption\":\"Lena Dolomites\"},\"image\":{\"@id\":\"https:\/\/www.lena-dolomites.com\/it\/#\/schema\/logo\/image\/\"},\"sameAs\":[\"https:\/\/www.instagram.com\/lena.dolomites\/\"]}]}<\/script>\n<!-- \/ Yoast SEO plugin. -->","yoast_head_json":{"title":"Impressum - Lena Dolomites","robots":{"index":"index","follow":"follow","max-snippet":"max-snippet:-1","max-image-preview":"max-image-preview:large","max-video-preview":"max-video-preview:-1"},"canonical":"https:\/\/www.lena-dolomites.com\/it\/impressum\/","og_locale":"it_IT","og_type":"article","og_title":"Impressum - Lena Dolomites","og_description":"Lena DolomitesAffitto di appartamenti per vacanzeWastlbach 539040 FunesAlto Adige \u2013 Italia Tel: +39 340 128 6067E-Mail: info@lena-dolomites.comSito web: www.lena-dolomites.com Il contenuto di questo sito web \u00e8 protetto da copyright. La pubblicazione di contenuti e immagini di questo sito web su altri siti web \u00e8 consentita solo in caso di autorizzazione scritta. Le informazioni contenute nel [&hellip;]","og_url":"https:\/\/www.lena-dolomites.com\/it\/impressum\/","og_site_name":"Lena Dolomites","article_modified_time":"2024-07-02T16:39:53+00:00","og_image":[{"width":1024,"height":682,"url":"https:\/\/www.lena-dolomites.com\/wp-content\/uploads\/2024\/05\/11_Andreas-Gruber-Arch_Villnoess_IMG_9790_GW-1024x682.jpg","type":"image\/jpeg"}],"twitter_card":"summary_large_image","twitter_misc":{"Tempo di lettura stimato":"1 minuto"},"schema":{"@context":"https:\/\/schema.org","@graph":[{"@type":"WebPage","@id":"https:\/\/www.lena-dolomites.com\/it\/impressum\/","url":"https:\/\/www.lena-dolomites.com\/it\/impressum\/","name":"Impressum - Lena Dolomites","isPartOf":{"@id":"https:\/\/www.lena-dolomites.com\/it\/#website"},"datePublished":"2024-06-27T14:50:57+00:00","dateModified":"2024-07-02T16:39:53+00:00","breadcrumb":{"@id":"https:\/\/www.lena-dolomites.com\/it\/impressum\/#breadcrumb"},"inLanguage":"it-IT","potentialAction":[{"@type":"ReadAction","target":["https:\/\/www.lena-dolomites.com\/it\/impressum\/"]}]},{"@type":"BreadcrumbList","@id":"https:\/\/www.lena-dolomites.com\/it\/impressum\/#breadcrumb","itemListElement":[{"@type":"ListItem","position":1,"name":"Home","item":"https:\/\/www.lena-dolomites.com\/it\/"},{"@type":"ListItem","position":2,"name":"Impressum"}]},{"@type":"WebSite","@id":"https:\/\/www.lena-dolomites.com\/it\/#website","url":"https:\/\/www.lena-dolomites.com\/it\/","name":"Lena Dolomites","description":"Luxus und Natur vereint im Herzen der Dolomiten - Buchen Sie jetzt Ihren Traumurlaub im Villn\u00f6ssertal","publisher":{"@id":"https:\/\/www.lena-dolomites.com\/it\/#organization"},"potentialAction":[{"@type":"SearchAction","target":{"@type":"EntryPoint","urlTemplate":"https:\/\/www.lena-dolomites.com\/it\/?s={search_term_string}"},"query-input":"required name=search_term_string"}],"inLanguage":"it-IT"},{"@type":"Organization","@id":"https:\/\/www.lena-dolomites.com\/it\/#organization","name":"Lena Dolomites","url":"https:\/\/www.lena-dolomites.com\/it\/","logo":{"@type":"ImageObject","inLanguage":"it-IT","@id":"https:\/\/www.lena-dolomites.com\/it\/#\/schema\/logo\/image\/","url":"https:\/\/www.lena-dolomites.com\/wp-content\/uploads\/2024\/05\/11_Andreas-Gruber-Arch_Villnoess_IMG_9790_GW-1024x682.jpg","contentUrl":"https:\/\/www.lena-dolomites.com\/wp-content\/uploads\/2024\/05\/11_Andreas-Gruber-Arch_Villnoess_IMG_9790_GW-1024x682.jpg","width":1024,"height":682,"caption":"Lena Dolomites"},"image":{"@id":"https:\/\/www.lena-dolomites.com\/it\/#\/schema\/logo\/image\/"},"sameAs":["https:\/\/www.instagram.com\/lena.dolomites\/"]}]}},"_links":{"self":[{"href":"https:\/\/www.lena-dolomites.com\/it\/wp-json\/wp\/v2\/pages\/535","targetHints":{"allow":["GET"]}}],"collection":[{"href":"https:\/\/www.lena-dolomites.com\/it\/wp-json\/wp\/v2\/pages"}],"about":[{"href":"https:\/\/www.lena-dolomites.com\/it\/wp-json\/wp\/v2\/types\/page"}],"author":[{"embeddable":true,"href":"https:\/\/www.lena-dolomites.com\/it\/wp-json\/wp\/v2\/users\/1"}],"replies":[{"embeddable":true,"href":"https:\/\/www.lena-dolomites.com\/it\/wp-json\/wp\/v2\/comments?post=535"}],"version-history":[{"count":0,"href":"https:\/\/www.lena-dolomites.com\/it\/wp-json\/wp\/v2\/pages\/535\/revisions"}],"wp:attachment":[{"href":"https:\/\/www.lena-dolomites.com\/it\/wp-json\/wp\/v2\/media?parent=535"}],"curies":[{"name":"wp","href":"https:\/\/api.w.org\/{rel}","templated":true}]}}